{"id":108,"date":"2024-09-05T16:26:49","date_gmt":"2024-09-05T14:26:49","guid":{"rendered":"https:\/\/hde-demoussage-ramonage.com\/?page_id=108"},"modified":"2024-10-02T15:45:03","modified_gmt":"2024-10-02T13:45:03","slug":"ramonage","status":"publish","type":"page","link":"https:\/\/hde-demoussage-ramonage.com\/index.php\/ramonage\/","title":{"rendered":"Ramonage"},"content":{"rendered":"\t\t<div data-elementor-type=\"wp-post\" data-elementor-id=\"108\" class=\"elementor elementor-108\">\n\t\t\t\t<div class=\"elementor-element elementor-element-571bcb8 e-flex e-con-boxed e-con e-parent\" data-id=\"571bcb8\" data-element_type=\"container\" data-e-type=\"container\">\n\t\t\t\t\t<div class=\"e-con-inner\">\n\t\t\t\t<div class=\"elementor-element elementor-element-19e0a68 elementor-widget elementor-widget-spacer\" data-id=\"19e0a68\" data-element_type=\"widget\" data-e-type=\"widget\" data-widget_type=\"spacer.default\">\n\t\t\t\t<div class=\"elementor-widget-container\">\n\t\t\t\t\t\t\t<div class=\"elementor-spacer\">\n\t\t\t<div class=\"elementor-spacer-inner\"><\/div>\n\t\t<\/div>\n\t\t\t\t\t\t<\/div>\n\t\t\t\t<\/div>\n\t\t\t\t\t<\/div>\n\t\t\t\t<\/div>\n\t\t<div class=\"elementor-element elementor-element-0223674 e-flex e-con-boxed e-con e-parent\" data-id=\"0223674\" data-element_type=\"container\" data-e-type=\"container\" data-settings=\"{&quot;background_background&quot;:&quot;classic&quot;}\">\n\t\t\t\t\t<div class=\"e-con-inner\">\n\t\t\t\t<div class=\"elementor-element elementor-element-acfe362 elementor-widget elementor-widget-heading\" data-id=\"acfe362\" data-element_type=\"widget\" data-e-type=\"widget\" data-widget_type=\"heading.default\">\n\t\t\t\t<div class=\"elementor-widget-container\">\n\t\t\t\t\t<h2 class=\"elementor-heading-title elementor-size-default\">Les bonnes pratiques du ramoneur<\/h2>\t\t\t\t<\/div>\n\t\t\t\t<\/div>\n\t\t\t\t<div class=\"elementor-element elementor-element-660e92e elementor-widget elementor-widget-text-editor\" data-id=\"660e92e\" data-element_type=\"widget\" data-e-type=\"widget\" data-widget_type=\"text-editor.default\">\n\t\t\t\t<div class=\"elementor-widget-container\">\n\t\t\t\t\t\t\t\t\t<p><b>Un entretien r\u00e9gulier indispensable<\/b><\/p>\t\t\t\t\t\t\t\t<\/div>\n\t\t\t\t<\/div>\n\t\t\t\t\t<\/div>\n\t\t\t\t<\/div>\n\t\t<div class=\"elementor-element elementor-element-bc8714a e-flex e-con-boxed e-con e-parent\" data-id=\"bc8714a\" data-element_type=\"container\" data-e-type=\"container\">\n\t\t\t\t\t<div class=\"e-con-inner\">\n\t\t<div class=\"elementor-element elementor-element-d6868f8 e-con-full e-flex e-con e-child\" data-id=\"d6868f8\" data-element_type=\"container\" data-e-type=\"container\">\n\t\t\t\t<div class=\"elementor-element elementor-element-382c1e6 elementor-widget elementor-widget-text-editor\" data-id=\"382c1e6\" data-element_type=\"widget\" data-e-type=\"widget\" data-widget_type=\"text-editor.default\">\n\t\t\t\t<div class=\"elementor-widget-container\">\n\t\t\t\t\t\t\t\t\t<p>Ramoner une<b>\u00a0chemin\u00e9e<\/b>, permet d\u2019entretenir\u00a0<b>les tuyaux d\u2019\u00e9vacuation des fum\u00e9es<\/b>.\u00a0<br \/>Le ramonage consiste \u00e0 supprimer les d\u00e9p\u00f4ts noirs de suie qui restent dans les conduits apr\u00e8s plusieurs flamb\u00e9es.\u00a0<br \/><br \/>Un entretien r\u00e9gulier permet de gagner en qualit\u00e9 de chauffe et en s\u00e9curit\u00e9. A savoir :<br \/><br \/>\u2022 Ecarter les risques de feux de chemin\u00e9e.<br \/><br \/>\u2022 A<b>m\u00e9liorer le tirage<\/b>\u00a0: il y a moins de suie sur les parois, le passage des fum\u00e9es est donc facilit\u00e9<br \/><br \/>\u2022 Limiter les\u00a0<b>risques d\u2019asphyxie\u00a0<\/b>: intoxication au monoxyde de carbone (chaque installation est inspect\u00e9e).<br \/><br \/>\u2022 Respecter la\u00a0<b>r<\/b><b>\u00e9glementation\u00a0<\/b>(un certificat de ramonage est remis \u00e0 la fin de la prestation).<br \/><br \/><b>\u2022 R\u00e9duire la pollution\u00a0<\/b>car une installation entretenue est un gage de meilleure combustion, donc moins de particules fines emises.<\/p>\t\t\t\t\t\t\t\t<\/div>\n\t\t\t\t<\/div>\n\t\t\t\t<\/div>\n\t\t<div class=\"elementor-element elementor-element-0feb90c e-con-full e-flex e-con e-child\" data-id=\"0feb90c\" data-element_type=\"container\" data-e-type=\"container\">\n\t\t\t\t<div class=\"elementor-element elementor-element-adc3188 elementor-widget elementor-widget-image\" data-id=\"adc3188\" data-element_type=\"widget\" data-e-type=\"widget\" data-widget_type=\"image.default\">\n\t\t\t\t<div class=\"elementor-widget-container\">\n\t\t\t\t\t\t\t\t\t\t\t\t\t\t\t<img fetchpriority=\"high\" decoding=\"async\" width=\"668\" height=\"800\" src=\"https:\/\/hde-demoussage-ramonage.com\/wp-content\/uploads\/2024\/09\/ramoneur.png\" class=\"attachment-large size-large wp-image-446\" alt=\"Image rigolote d&#039;un ramoneur de HDE-D\u00e9moussage,ramonage,r\u00e9novation toiture et fa\u00e7ade.\" srcset=\"https:\/\/hde-demoussage-ramonage.com\/wp-content\/uploads\/2024\/09\/ramoneur.png 668w, https:\/\/hde-demoussage-ramonage.com\/wp-content\/uploads\/2024\/09\/ramoneur-251x300.png 251w\" sizes=\"(max-width: 668px) 100vw, 668px\" \/>\t\t\t\t\t\t\t\t\t\t\t\t\t\t\t<\/div>\n\t\t\t\t<\/div>\n\t\t\t\t<\/div>\n\t\t\t\t\t<\/div>\n\t\t\t\t<\/div>\n\t\t<div class=\"elementor-element elementor-element-9cf1258 e-flex e-con-boxed e-con e-parent\" data-id=\"9cf1258\" data-element_type=\"container\" data-e-type=\"container\" data-settings=\"{&quot;background_background&quot;:&quot;classic&quot;}\">\n\t\t\t\t\t<div class=\"e-con-inner\">\n\t\t\t\t<div class=\"elementor-element elementor-element-f5c5e61 elementor-widget elementor-widget-heading\" data-id=\"f5c5e61\" data-element_type=\"widget\" data-e-type=\"widget\" data-widget_type=\"heading.default\">\n\t\t\t\t<div class=\"elementor-widget-container\">\n\t\t\t\t\t<h2 class=\"elementor-heading-title elementor-size-default\">D\u00e9roulement de ma prestation<\/h2>\t\t\t\t<\/div>\n\t\t\t\t<\/div>\n\t\t\t\t<div class=\"elementor-element elementor-element-19786ee elementor-widget elementor-widget-text-editor\" data-id=\"19786ee\" data-element_type=\"widget\" data-e-type=\"widget\" data-widget_type=\"text-editor.default\">\n\t\t\t\t<div class=\"elementor-widget-container\">\n\t\t\t\t\t\t\t\t\t<p>J\u2019interviens d\u00e9part de bain de bretagne sur tous le sud de ille et vilaine 35 aussi le nord de la Loire atlantique 44 sur foyer ferm\u00e9 (po\u00eale ou insert \u00e0 bois) ou ouvert (chemin\u00e9e traditionnelle).<\/p>\t\t\t\t\t\t\t\t<\/div>\n\t\t\t\t<\/div>\n\t\t\t\t\t<\/div>\n\t\t\t\t<\/div>\n\t\t<div class=\"elementor-element elementor-element-fc531fe e-flex e-con-boxed e-con e-parent\" data-id=\"fc531fe\" data-element_type=\"container\" data-e-type=\"container\">\n\t\t\t\t\t<div class=\"e-con-inner\">\n\t\t<div class=\"elementor-element elementor-element-2d30201 e-con-full e-flex e-con e-child\" data-id=\"2d30201\" data-element_type=\"container\" data-e-type=\"container\">\n\t\t\t\t<div class=\"elementor-element elementor-element-b8ef3f9 elementor-widget elementor-widget-text-editor\" data-id=\"b8ef3f9\" data-element_type=\"widget\" data-e-type=\"widget\" data-widget_type=\"text-editor.default\">\n\t\t\t\t<div class=\"elementor-widget-container\">\n\t\t\t\t\t\t\t\t\t<p>L\u2019intervention dure entre 1 demi heure et 1 heure. Tout d\u00e9pend de l\u2019\u00e9tat de votre conduit.<br \/><br \/>\u2022 Protection de l&rsquo;espace de travail<br \/><br \/>\u2022 Nettoyage de l&rsquo;int\u00e9rieur du conduit par ramonage rotatif<br \/><br \/>\u2022 Inspection du terminal de chauffage<br \/><br \/>\u2022 Nettoyage du terminal et de l&rsquo;espace de travail<br \/><br \/>\u2022 R\u00e9daction du certificat de ramonage<\/p>\t\t\t\t\t\t\t\t<\/div>\n\t\t\t\t<\/div>\n\t\t\t\t<div class=\"elementor-element elementor-element-4816867 elementor-widget elementor-widget-heading\" data-id=\"4816867\" data-element_type=\"widget\" data-e-type=\"widget\" data-widget_type=\"heading.default\">\n\t\t\t\t<div class=\"elementor-widget-container\">\n\t\t\t\t\t<h2 class=\"elementor-heading-title elementor-size-default\">Tarifs<\/h2>\t\t\t\t<\/div>\n\t\t\t\t<\/div>\n\t\t\t\t<div class=\"elementor-element elementor-element-45fd927 elementor-widget elementor-widget-text-editor\" data-id=\"45fd927\" data-element_type=\"widget\" data-e-type=\"widget\" data-widget_type=\"text-editor.default\">\n\t\t\t\t<div class=\"elementor-widget-container\">\n\t\t\t\t\t\t\t\t\t<div dir=\"auto\"><strong>70\u20ac<\/strong> le ramonage po\u00eale et insert\u00a0<\/div><div dir=\"auto\">\u00a0<\/div><div dir=\"auto\"><strong>90\u20ac <\/strong>foyer ouvert\u00a0<\/div><div dir=\"auto\">\u00a0<\/div><div dir=\"auto\"><strong>150\u20ac<\/strong> po\u00eale \u00e0 granul\u00e9s ramonage et entretien\u00a0<\/div><div dir=\"auto\">\u00a0<\/div><div dir=\"auto\"><strong>D\u00e9bistrage \u00e0 partir de 350\u20ac<\/strong><\/div>\t\t\t\t\t\t\t\t<\/div>\n\t\t\t\t<\/div>\n\t\t\t\t<\/div>\n\t\t<div class=\"elementor-element elementor-element-9b9d1a9 e-con-full e-flex e-con e-child\" data-id=\"9b9d1a9\" data-element_type=\"container\" data-e-type=\"container\">\n\t\t\t\t<div class=\"elementor-element elementor-element-a48a837 elementor-widget elementor-widget-image\" data-id=\"a48a837\" data-element_type=\"widget\" data-e-type=\"widget\" data-widget_type=\"image.default\">\n\t\t\t\t<div class=\"elementor-widget-container\">\n\t\t\t\t\t\t\t\t\t\t\t\t\t\t\t<img decoding=\"async\" width=\"720\" height=\"720\" src=\"https:\/\/hde-demoussage-ramonage.com\/wp-content\/uploads\/2024\/09\/ramonage.png\" class=\"attachment-large size-large wp-image-447\" alt=\"Image du mat\u00e9riel de nettoyage lors d&#039;une intervention de la soci\u00e9t\u00e9 HDE sur une chemin\u00e9e et d&#039;un po\u00eale \u00e0 bois-D\u00e9moussage,ramonage,r\u00e9novation toiture et fa\u00e7ade.\" srcset=\"https:\/\/hde-demoussage-ramonage.com\/wp-content\/uploads\/2024\/09\/ramonage.png 720w, https:\/\/hde-demoussage-ramonage.com\/wp-content\/uploads\/2024\/09\/ramonage-300x300.png 300w, https:\/\/hde-demoussage-ramonage.com\/wp-content\/uploads\/2024\/09\/ramonage-150x150.png 150w\" sizes=\"(max-width: 720px) 100vw, 720px\" \/>\t\t\t\t\t\t\t\t\t\t\t\t\t\t\t<\/div>\n\t\t\t\t<\/div>\n\t\t\t\t<\/div>\n\t\t\t\t\t<\/div>\n\t\t\t\t<\/div>\n\t\t<div class=\"elementor-element elementor-element-fb809e8 e-flex e-con-boxed e-con e-parent\" data-id=\"fb809e8\" data-element_type=\"container\" data-e-type=\"container\">\n\t\t\t\t\t<div class=\"e-con-inner\">\n\t\t\t\t<div class=\"elementor-element elementor-element-7f63659 elementor-widget elementor-widget-heading\" data-id=\"7f63659\" data-element_type=\"widget\" data-e-type=\"widget\" data-widget_type=\"heading.default\">\n\t\t\t\t<div class=\"elementor-widget-container\">\n\t\t\t\t\t<h2 class=\"elementor-heading-title elementor-size-default\">D\u00e9bistrage, D\u00e9goudronnage ?<\/h2>\t\t\t\t<\/div>\n\t\t\t\t<\/div>\n\t\t\t\t<div class=\"elementor-element elementor-element-9e7b82d elementor-widget elementor-widget-text-editor\" data-id=\"9e7b82d\" data-element_type=\"widget\" data-e-type=\"widget\" data-widget_type=\"text-editor.default\">\n\t\t\t\t<div class=\"elementor-widget-container\">\n\t\t\t\t\t\t\t\t\t<p>Le d\u00e9bistrage d&rsquo;une chemin\u00e9e est l&rsquo;action de nettoyer les d\u00e9p\u00f4ts de bistre afin de r\u00e9duire les risques de feux de chemin\u00e9e.<br \/>Cette solution est n\u00e9cessaire lorsque le ramonage n&rsquo;est pas suffisant pour nettoyer et s\u00e9curiser votre conduit.<\/p><p>Apparent\u00e9s \u00e0 du goudron durci, les d\u00e9p\u00f4ts de bistre peuvent venir d&rsquo;un conduit mal isol\u00e9, d&rsquo;un conduit mal dimensionn\u00e9, d&rsquo;un bois mal adapt\u00e9&#8230;Mais rassurez-vous, HDE a toujours une solution d&rsquo;entretien ad\u00e9quate et du mat\u00e9riel adapt\u00e9 \u00e0 toutes les situations \ud83d\ude09<\/p>\t\t\t\t\t\t\t\t<\/div>\n\t\t\t\t<\/div>\n\t\t\t\t\t<\/div>\n\t\t\t\t<\/div>\n\t\t<div class=\"elementor-element elementor-element-c7cd6de e-con-full e-flex e-con e-parent\" data-id=\"c7cd6de\" data-element_type=\"container\" data-e-type=\"container\" data-settings=\"{&quot;background_background&quot;:&quot;classic&quot;}\">\n\t\t\t\t<div class=\"elementor-element elementor-element-61c5e65 elementor-align-center elementor-widget elementor-widget-dual-button\" data-id=\"61c5e65\" data-element_type=\"widget\" data-e-type=\"widget\" data-widget_type=\"dual-button.default\">\n\t\t\t\t<div class=\"elementor-widget-container\">\n\t\t\t\t\t\t\t<div class=\"ep-dual-button-horizontal\">\n\t\t\t<div class=\"elementor-button-wrapper\">\n\t\t\t\t<a href=\"tel:0637388404.\" class=\"elementor-button-link elementor-button elementor-button_1 elementor-size-md elementor-animation-pulse\" role=\"button\">\n\t\t\t\t\t\t\t<span class=\"elementor-button-content-wrapper\">\n\t\t\t\t\t\t\t<span class=\"elementor-button-icon elementor-align-icon-\">\n\t\t\t\t\t\t\t\t\t<\/span>\n\t\t\t\t\t\t<span >\n\t\t\t\t06 37 38 84 04\t\t\t<\/span>\n\t\t<\/span>\n\t\t\t\t\t\t<\/a>\n\t\t\t<\/div>\n\t\t\t<div class=\"elementor-button-wrapper\">\n\t\t\t\t<a href=\"https:\/\/hde-demoussage-ramonage.com\/index.php\/contact\/\" class=\"elementor-button elementor-button_2 elementor-size-md elementor-animation-buzz\" role=\"button\">\n\t\t\t\t\t\t\t<span class=\"elementor-button-content-wrapper elementor-button-content-wrapper\">\n\t\t\t\t\t\t\t<span class=\"elementor-button-icon elementor-align-icon- elementor-button-icon elementor-align-icon-\">\n\t\t\t\t\t\t\t\t\t<\/span>\n\t\t\t\t\t\t<span >\n\t\t\t\tNous contacter\t\t\t<\/span>\n\t\t<\/span>\n\t\t\t\t\t\t<\/a>\n\t\t\t<\/div>\n\t\t<\/div>\n\t\t\t\t\t\t<\/div>\n\t\t\t\t<\/div>\n\t\t\t\t<\/div>\n\t\t\t\t<\/div>\n\t\t","protected":false},"excerpt":{"rendered":"<p>Les bonnes pratiques du ramoneur Un entretien r\u00e9gulier indispensable Ramoner une\u00a0chemin\u00e9e, permet d\u2019entretenir\u00a0les tuyaux d\u2019\u00e9vacuation des fum\u00e9es.\u00a0Le ramonage consiste \u00e0 supprimer les d\u00e9p\u00f4ts noirs de suie qui restent dans les conduits apr\u00e8s plusieurs flamb\u00e9es.\u00a0 Un entretien r\u00e9gulier permet de gagner en qualit\u00e9 de chauffe et en s\u00e9curit\u00e9. A savoir : \u2022 Ecarter les risques de [&hellip;]<\/p>\n","protected":false},"author":1,"featured_media":0,"parent":0,"menu_order":0,"comment_status":"closed","ping_status":"closed","template":"","meta":{"footnotes":""},"class_list":["post-108","page","type-page","status-publish","hentry"],"yoast_head":"<!-- This site is optimized with the Yoast SEO plugin v26.9 - https:\/\/yoast.com\/product\/yoast-seo-wordpress\/ -->\n<title>Ramonage - HDE<\/title>\n<meta name=\"description\" content=\"D\u00e9moussage, ramonage, r\u00e9novation de toiture, de fa\u00e7ade sur BAIN DE BRETAGNE, RENNES et ses environs, pour votre maison ou votre b\u00e2timent.\" \/>\n<meta name=\"robots\" content=\"index, follow, max-snippet:-1, max-image-preview:large, max-video-preview:-1\" \/>\n<link rel=\"canonical\" href=\"https:\/\/hde-demoussage-ramonage.com\/index.php\/ramonage\/\" \/>\n<meta property=\"og:locale\" content=\"fr_FR\" \/>\n<meta property=\"og:type\" content=\"article\" \/>\n<meta property=\"og:title\" content=\"Ramonage - HDE\" \/>\n<meta property=\"og:description\" content=\"D\u00e9moussage, ramonage, r\u00e9novation de toiture, de fa\u00e7ade sur BAIN DE BRETAGNE, RENNES et ses environs, pour votre maison ou votre b\u00e2timent.\" \/>\n<meta property=\"og:url\" content=\"https:\/\/hde-demoussage-ramonage.com\/index.php\/ramonage\/\" \/>\n<meta property=\"og:site_name\" content=\"HDE\" \/>\n<meta property=\"article:modified_time\" content=\"2024-10-02T13:45:03+00:00\" \/>\n<meta property=\"og:image\" content=\"https:\/\/hde-demoussage-ramonage.com\/wp-content\/uploads\/2024\/09\/ramoneur.png\" \/>\n<meta name=\"twitter:card\" content=\"summary_large_image\" \/>\n<meta name=\"twitter:label1\" content=\"Dur\u00e9e de lecture estim\u00e9e\" \/>\n\t<meta name=\"twitter:data1\" content=\"3 minutes\" \/>\n<script type=\"application\/ld+json\" class=\"yoast-schema-graph\">{\"@context\":\"https:\/\/schema.org\",\"@graph\":[{\"@type\":\"WebPage\",\"@id\":\"https:\/\/hde-demoussage-ramonage.com\/index.php\/ramonage\/\",\"url\":\"https:\/\/hde-demoussage-ramonage.com\/index.php\/ramonage\/\",\"name\":\"Ramonage - HDE\",\"isPartOf\":{\"@id\":\"https:\/\/hde-demoussage-ramonage.com\/#website\"},\"primaryImageOfPage\":{\"@id\":\"https:\/\/hde-demoussage-ramonage.com\/index.php\/ramonage\/#primaryimage\"},\"image\":{\"@id\":\"https:\/\/hde-demoussage-ramonage.com\/index.php\/ramonage\/#primaryimage\"},\"thumbnailUrl\":\"https:\/\/hde-demoussage-ramonage.com\/wp-content\/uploads\/2024\/09\/ramoneur.png\",\"datePublished\":\"2024-09-05T14:26:49+00:00\",\"dateModified\":\"2024-10-02T13:45:03+00:00\",\"description\":\"D\u00e9moussage, ramonage, r\u00e9novation de toiture, de fa\u00e7ade sur BAIN DE BRETAGNE, RENNES et ses environs, pour votre maison ou votre b\u00e2timent.\",\"breadcrumb\":{\"@id\":\"https:\/\/hde-demoussage-ramonage.com\/index.php\/ramonage\/#breadcrumb\"},\"inLanguage\":\"fr-FR\",\"potentialAction\":[{\"@type\":\"ReadAction\",\"target\":[\"https:\/\/hde-demoussage-ramonage.com\/index.php\/ramonage\/\"]}]},{\"@type\":\"ImageObject\",\"inLanguage\":\"fr-FR\",\"@id\":\"https:\/\/hde-demoussage-ramonage.com\/index.php\/ramonage\/#primaryimage\",\"url\":\"https:\/\/hde-demoussage-ramonage.com\/wp-content\/uploads\/2024\/09\/ramoneur.png\",\"contentUrl\":\"https:\/\/hde-demoussage-ramonage.com\/wp-content\/uploads\/2024\/09\/ramoneur.png\",\"width\":668,\"height\":800,\"caption\":\"Image rigolote d'un ramoneur de HDE-D\u00e9moussage,ramonage,r\u00e9novation toiture et fa\u00e7ade.\"},{\"@type\":\"BreadcrumbList\",\"@id\":\"https:\/\/hde-demoussage-ramonage.com\/index.php\/ramonage\/#breadcrumb\",\"itemListElement\":[{\"@type\":\"ListItem\",\"position\":1,\"name\":\"Accueil\",\"item\":\"https:\/\/hde-demoussage-ramonage.com\/\"},{\"@type\":\"ListItem\",\"position\":2,\"name\":\"Ramonage\"}]},{\"@type\":\"WebSite\",\"@id\":\"https:\/\/hde-demoussage-ramonage.com\/#website\",\"url\":\"https:\/\/hde-demoussage-ramonage.com\/\",\"name\":\"https:\/\/hde-demoussage-ramonage.com\/\",\"description\":\"D\u00e9moussage, ramonage, r\u00e9novation de toiture, de fa\u00e7ade sur BAIN DE BRETAGNE, RENNES et ses environs, pour votre maison ou votre b\u00e2timent.\",\"publisher\":{\"@id\":\"https:\/\/hde-demoussage-ramonage.com\/#organization\"},\"alternateName\":\"HDE\",\"potentialAction\":[{\"@type\":\"SearchAction\",\"target\":{\"@type\":\"EntryPoint\",\"urlTemplate\":\"https:\/\/hde-demoussage-ramonage.com\/?s={search_term_string}\"},\"query-input\":{\"@type\":\"PropertyValueSpecification\",\"valueRequired\":true,\"valueName\":\"search_term_string\"}}],\"inLanguage\":\"fr-FR\"},{\"@type\":\"Organization\",\"@id\":\"https:\/\/hde-demoussage-ramonage.com\/#organization\",\"name\":\"hde-demoussage-ramonage.\",\"alternateName\":\"HDE\",\"url\":\"https:\/\/hde-demoussage-ramonage.com\/\",\"logo\":{\"@type\":\"ImageObject\",\"inLanguage\":\"fr-FR\",\"@id\":\"https:\/\/hde-demoussage-ramonage.com\/#\/schema\/logo\/image\/\",\"url\":\"https:\/\/hde-demoussage-ramonage.com\/wp-content\/uploads\/2024\/09\/cropped-cropped-Logo-HDE-Def-web.png\",\"contentUrl\":\"https:\/\/hde-demoussage-ramonage.com\/wp-content\/uploads\/2024\/09\/cropped-cropped-Logo-HDE-Def-web.png\",\"width\":500,\"height\":190,\"caption\":\"hde-demoussage-ramonage.\"},\"image\":{\"@id\":\"https:\/\/hde-demoussage-ramonage.com\/#\/schema\/logo\/image\/\"}}]}<\/script>\n<!-- \/ Yoast SEO plugin. -->","yoast_head_json":{"title":"Ramonage - HDE","description":"D\u00e9moussage, ramonage, r\u00e9novation de toiture, de fa\u00e7ade sur BAIN DE BRETAGNE, RENNES et ses environs, pour votre maison ou votre b\u00e2timent.","robots":{"index":"index","follow":"follow","max-snippet":"max-snippet:-1","max-image-preview":"max-image-preview:large","max-video-preview":"max-video-preview:-1"},"canonical":"https:\/\/hde-demoussage-ramonage.com\/index.php\/ramonage\/","og_locale":"fr_FR","og_type":"article","og_title":"Ramonage - HDE","og_description":"D\u00e9moussage, ramonage, r\u00e9novation de toiture, de fa\u00e7ade sur BAIN DE BRETAGNE, RENNES et ses environs, pour votre maison ou votre b\u00e2timent.","og_url":"https:\/\/hde-demoussage-ramonage.com\/index.php\/ramonage\/","og_site_name":"HDE","article_modified_time":"2024-10-02T13:45:03+00:00","og_image":[{"url":"https:\/\/hde-demoussage-ramonage.com\/wp-content\/uploads\/2024\/09\/ramoneur.png","type":"","width":"","height":""}],"twitter_card":"summary_large_image","twitter_misc":{"Dur\u00e9e de lecture estim\u00e9e":"3 minutes"},"schema":{"@context":"https:\/\/schema.org","@graph":[{"@type":"WebPage","@id":"https:\/\/hde-demoussage-ramonage.com\/index.php\/ramonage\/","url":"https:\/\/hde-demoussage-ramonage.com\/index.php\/ramonage\/","name":"Ramonage - HDE","isPartOf":{"@id":"https:\/\/hde-demoussage-ramonage.com\/#website"},"primaryImageOfPage":{"@id":"https:\/\/hde-demoussage-ramonage.com\/index.php\/ramonage\/#primaryimage"},"image":{"@id":"https:\/\/hde-demoussage-ramonage.com\/index.php\/ramonage\/#primaryimage"},"thumbnailUrl":"https:\/\/hde-demoussage-ramonage.com\/wp-content\/uploads\/2024\/09\/ramoneur.png","datePublished":"2024-09-05T14:26:49+00:00","dateModified":"2024-10-02T13:45:03+00:00","description":"D\u00e9moussage, ramonage, r\u00e9novation de toiture, de fa\u00e7ade sur BAIN DE BRETAGNE, RENNES et ses environs, pour votre maison ou votre b\u00e2timent.","breadcrumb":{"@id":"https:\/\/hde-demoussage-ramonage.com\/index.php\/ramonage\/#breadcrumb"},"inLanguage":"fr-FR","potentialAction":[{"@type":"ReadAction","target":["https:\/\/hde-demoussage-ramonage.com\/index.php\/ramonage\/"]}]},{"@type":"ImageObject","inLanguage":"fr-FR","@id":"https:\/\/hde-demoussage-ramonage.com\/index.php\/ramonage\/#primaryimage","url":"https:\/\/hde-demoussage-ramonage.com\/wp-content\/uploads\/2024\/09\/ramoneur.png","contentUrl":"https:\/\/hde-demoussage-ramonage.com\/wp-content\/uploads\/2024\/09\/ramoneur.png","width":668,"height":800,"caption":"Image rigolote d'un ramoneur de HDE-D\u00e9moussage,ramonage,r\u00e9novation toiture et fa\u00e7ade."},{"@type":"BreadcrumbList","@id":"https:\/\/hde-demoussage-ramonage.com\/index.php\/ramonage\/#breadcrumb","itemListElement":[{"@type":"ListItem","position":1,"name":"Accueil","item":"https:\/\/hde-demoussage-ramonage.com\/"},{"@type":"ListItem","position":2,"name":"Ramonage"}]},{"@type":"WebSite","@id":"https:\/\/hde-demoussage-ramonage.com\/#website","url":"https:\/\/hde-demoussage-ramonage.com\/","name":"https:\/\/hde-demoussage-ramonage.com\/","description":"D\u00e9moussage, ramonage, r\u00e9novation de toiture, de fa\u00e7ade sur BAIN DE BRETAGNE, RENNES et ses environs, pour votre maison ou votre b\u00e2timent.","publisher":{"@id":"https:\/\/hde-demoussage-ramonage.com\/#organization"},"alternateName":"HDE","potentialAction":[{"@type":"SearchAction","target":{"@type":"EntryPoint","urlTemplate":"https:\/\/hde-demoussage-ramonage.com\/?s={search_term_string}"},"query-input":{"@type":"PropertyValueSpecification","valueRequired":true,"valueName":"search_term_string"}}],"inLanguage":"fr-FR"},{"@type":"Organization","@id":"https:\/\/hde-demoussage-ramonage.com\/#organization","name":"hde-demoussage-ramonage.","alternateName":"HDE","url":"https:\/\/hde-demoussage-ramonage.com\/","logo":{"@type":"ImageObject","inLanguage":"fr-FR","@id":"https:\/\/hde-demoussage-ramonage.com\/#\/schema\/logo\/image\/","url":"https:\/\/hde-demoussage-ramonage.com\/wp-content\/uploads\/2024\/09\/cropped-cropped-Logo-HDE-Def-web.png","contentUrl":"https:\/\/hde-demoussage-ramonage.com\/wp-content\/uploads\/2024\/09\/cropped-cropped-Logo-HDE-Def-web.png","width":500,"height":190,"caption":"hde-demoussage-ramonage."},"image":{"@id":"https:\/\/hde-demoussage-ramonage.com\/#\/schema\/logo\/image\/"}}]}},"_links":{"self":[{"href":"https:\/\/hde-demoussage-ramonage.com\/index.php\/wp-json\/wp\/v2\/pages\/108","targetHints":{"allow":["GET"]}}],"collection":[{"href":"https:\/\/hde-demoussage-ramonage.com\/index.php\/wp-json\/wp\/v2\/pages"}],"about":[{"href":"https:\/\/hde-demoussage-ramonage.com\/index.php\/wp-json\/wp\/v2\/types\/page"}],"author":[{"embeddable":true,"href":"https:\/\/hde-demoussage-ramonage.com\/index.php\/wp-json\/wp\/v2\/users\/1"}],"replies":[{"embeddable":true,"href":"https:\/\/hde-demoussage-ramonage.com\/index.php\/wp-json\/wp\/v2\/comments?post=108"}],"version-history":[{"count":21,"href":"https:\/\/hde-demoussage-ramonage.com\/index.php\/wp-json\/wp\/v2\/pages\/108\/revisions"}],"predecessor-version":[{"id":685,"href":"https:\/\/hde-demoussage-ramonage.com\/index.php\/wp-json\/wp\/v2\/pages\/108\/revisions\/685"}],"wp:attachment":[{"href":"https:\/\/hde-demoussage-ramonage.com\/index.php\/wp-json\/wp\/v2\/media?parent=108"}],"curies":[{"name":"wp","href":"https:\/\/api.w.org\/{rel}","templated":true}]}}