{"id":120,"date":"2024-09-05T16:29:15","date_gmt":"2024-09-05T14:29:15","guid":{"rendered":"https:\/\/hde-demoussage-ramonage.com\/?page_id=120"},"modified":"2024-10-02T15:42:29","modified_gmt":"2024-10-02T13:42:29","slug":"destruction-guepesfrelons","status":"publish","type":"page","link":"https:\/\/hde-demoussage-ramonage.com\/index.php\/destruction-guepesfrelons\/","title":{"rendered":"Destruction gu\u00eapes, frelons"},"content":{"rendered":"\t\t<div data-elementor-type=\"wp-post\" data-elementor-id=\"120\" class=\"elementor elementor-120\">\n\t\t\t\t<div class=\"elementor-element elementor-element-5763c05 e-flex e-con-boxed e-con e-parent\" data-id=\"5763c05\" data-element_type=\"container\" data-e-type=\"container\">\n\t\t\t\t\t<div class=\"e-con-inner\">\n\t\t\t\t<div class=\"elementor-element elementor-element-8827510 elementor-widget elementor-widget-spacer\" data-id=\"8827510\" data-element_type=\"widget\" data-e-type=\"widget\" data-widget_type=\"spacer.default\">\n\t\t\t\t<div class=\"elementor-widget-container\">\n\t\t\t\t\t\t\t<div class=\"elementor-spacer\">\n\t\t\t<div class=\"elementor-spacer-inner\"><\/div>\n\t\t<\/div>\n\t\t\t\t\t\t<\/div>\n\t\t\t\t<\/div>\n\t\t\t\t\t<\/div>\n\t\t\t\t<\/div>\n\t\t<div class=\"elementor-element elementor-element-67a88e7 e-flex e-con-boxed e-con e-parent\" data-id=\"67a88e7\" data-element_type=\"container\" data-e-type=\"container\" data-settings=\"{&quot;background_background&quot;:&quot;classic&quot;}\">\n\t\t\t\t\t<div class=\"e-con-inner\">\n\t\t\t\t<div class=\"elementor-element elementor-element-d6969fa elementor-widget elementor-widget-heading\" data-id=\"d6969fa\" data-element_type=\"widget\" data-e-type=\"widget\" data-widget_type=\"heading.default\">\n\t\t\t\t<div class=\"elementor-widget-container\">\n\t\t\t\t\t<h2 class=\"elementor-heading-title elementor-size-default\">Destruction des gu\u00eapes et frelons<\/h2>\t\t\t\t<\/div>\n\t\t\t\t<\/div>\n\t\t\t\t\t<\/div>\n\t\t\t\t<\/div>\n\t\t<div class=\"elementor-element elementor-element-fbf8e19 e-flex e-con-boxed e-con e-parent\" data-id=\"fbf8e19\" data-element_type=\"container\" data-e-type=\"container\">\n\t\t\t\t\t<div class=\"e-con-inner\">\n\t\t<div class=\"elementor-element elementor-element-3020065 e-con-full e-flex e-con e-child\" data-id=\"3020065\" data-element_type=\"container\" data-e-type=\"container\">\n\t\t\t\t<div class=\"elementor-element elementor-element-3997511 elementor-widget elementor-widget-image\" data-id=\"3997511\" data-element_type=\"widget\" data-e-type=\"widget\" data-widget_type=\"image.default\">\n\t\t\t\t<div class=\"elementor-widget-container\">\n\t\t\t\t\t\t\t\t\t\t\t\t\t\t\t<img fetchpriority=\"high\" decoding=\"async\" width=\"800\" height=\"594\" src=\"https:\/\/hde-demoussage-ramonage.com\/wp-content\/uploads\/2024\/09\/guepe-2.png\" class=\"attachment-large size-large wp-image-538\" alt=\"Logo de la soci\u00e9t\u00e9 HDE, destruction gu\u00eapes, frelons-D\u00e9moussage,ramonage,r\u00e9novation toiture et fa\u00e7ade.\" srcset=\"https:\/\/hde-demoussage-ramonage.com\/wp-content\/uploads\/2024\/09\/guepe-2.png 973w, https:\/\/hde-demoussage-ramonage.com\/wp-content\/uploads\/2024\/09\/guepe-2-300x223.png 300w, https:\/\/hde-demoussage-ramonage.com\/wp-content\/uploads\/2024\/09\/guepe-2-768x570.png 768w\" sizes=\"(max-width: 800px) 100vw, 800px\" \/>\t\t\t\t\t\t\t\t\t\t\t\t\t\t\t<\/div>\n\t\t\t\t<\/div>\n\t\t\t\t<\/div>\n\t\t<div class=\"elementor-element elementor-element-e2725ba e-con-full e-flex e-con e-child\" data-id=\"e2725ba\" data-element_type=\"container\" data-e-type=\"container\">\n\t\t\t\t<div class=\"elementor-element elementor-element-767a857 elementor-widget elementor-widget-spacer\" data-id=\"767a857\" data-element_type=\"widget\" data-e-type=\"widget\" data-widget_type=\"spacer.default\">\n\t\t\t\t<div class=\"elementor-widget-container\">\n\t\t\t\t\t\t\t<div class=\"elementor-spacer\">\n\t\t\t<div class=\"elementor-spacer-inner\"><\/div>\n\t\t<\/div>\n\t\t\t\t\t\t<\/div>\n\t\t\t\t<\/div>\n\t\t\t\t<div class=\"elementor-element elementor-element-2c98c93 elementor-widget elementor-widget-text-editor\" data-id=\"2c98c93\" data-element_type=\"widget\" data-e-type=\"widget\" data-widget_type=\"text-editor.default\">\n\t\t\t\t<div class=\"elementor-widget-container\">\n\t\t\t\t\t\t\t\t\t<p>Un\u00a0<strong>nid de gu\u00eapes<\/strong>, un\u00a0<strong>nid de frelons europ\u00e9en <\/strong>ou <strong>asiatiques<\/strong>&#8230; a \u00e9lu domicile dans votre chemin\u00e9e, sur votre porche d&rsquo;entr\u00e9e, dans votre toit, sur le mur de votre maison, dans votre grenier, dans votre boite aux lettres, dans vos volets roulants, dans un arbre &#8230;<\/p>\t\t\t\t\t\t\t\t<\/div>\n\t\t\t\t<\/div>\n\t\t\t\t<div class=\"elementor-element elementor-element-2ac9116 elementor-widget elementor-widget-image\" data-id=\"2ac9116\" data-element_type=\"widget\" data-e-type=\"widget\" data-widget_type=\"image.default\">\n\t\t\t\t<div class=\"elementor-widget-container\">\n\t\t\t\t\t\t\t\t\t\t\t\t\t\t\t<img decoding=\"async\" width=\"500\" height=\"379\" src=\"https:\/\/hde-demoussage-ramonage.com\/wp-content\/uploads\/2024\/09\/attention.png\" class=\"attachment-large size-large wp-image-541\" alt=\"S\u00e9curit\u00e9 : Enlever un nid de gu\u00eapes ou de frelons soi-m\u00eame est tr\u00e8s risqu\u00e9.-D\u00e9moussage,ramonage,r\u00e9novation toiture et fa\u00e7ade.\" srcset=\"https:\/\/hde-demoussage-ramonage.com\/wp-content\/uploads\/2024\/09\/attention.png 500w, https:\/\/hde-demoussage-ramonage.com\/wp-content\/uploads\/2024\/09\/attention-300x227.png 300w\" sizes=\"(max-width: 500px) 100vw, 500px\" \/>\t\t\t\t\t\t\t\t\t\t\t\t\t\t\t<\/div>\n\t\t\t\t<\/div>\n\t\t\t\t<\/div>\n\t\t\t\t\t<\/div>\n\t\t\t\t<\/div>\n\t\t<div class=\"elementor-element elementor-element-d7a24d5 e-flex e-con-boxed e-con e-parent\" data-id=\"d7a24d5\" data-element_type=\"container\" data-e-type=\"container\">\n\t\t\t\t\t<div class=\"e-con-inner\">\n\t\t<div class=\"elementor-element elementor-element-7921553 e-con-full e-flex e-con e-child\" data-id=\"7921553\" data-element_type=\"container\" data-e-type=\"container\" data-settings=\"{&quot;background_background&quot;:&quot;classic&quot;}\">\n\t\t\t\t<div class=\"elementor-element elementor-element-62a6020 elementor-widget elementor-widget-text-editor\" data-id=\"62a6020\" data-element_type=\"widget\" data-e-type=\"widget\" data-widget_type=\"text-editor.default\">\n\t\t\t\t<div class=\"elementor-widget-container\">\n\t\t\t\t\t\t\t\t\t<p data-sourcepos=\"3:1-3:52\"><strong>Vous avez un nid de gu\u00eapes ou de frelons chez vous ?<\/strong><\/p><p data-sourcepos=\"5:1-5:115\">Pas de panique ! Les gu\u00eapes et les frelons peuvent \u00eatre dangereux, surtout si vous \u00eates allergique \u00e0 leurs piq\u00fbres.<\/p><p data-sourcepos=\"7:1-7:45\"><strong>Pourquoi faire appel \u00e0 un professionnel ?<\/strong><\/p><ul data-sourcepos=\"9:1-9:76\"><li data-sourcepos=\"9:1-9:76\"><strong>S\u00e9curit\u00e9 :<\/strong> Enlever un nid soi-m\u00eame est risqu\u00e9. Les professionnels sont \u00e9quip\u00e9s et form\u00e9s pour intervenir en toute s\u00e9curit\u00e9.<\/li><li data-sourcepos=\"10:1-10:94\"><strong>Efficacit\u00e9 :<\/strong> Ils connaissent les techniques pour \u00e9liminer les nids rapidement et durablement.<\/li><li data-sourcepos=\"11:1-12:0\"><strong>R\u00e9glementation :<\/strong> La destruction de nids est souvent r\u00e9glement\u00e9e. Les pros sont autoris\u00e9s \u00e0 intervenir.<\/li><\/ul><p data-sourcepos=\"13:1-13:18\"><strong>Nos services :<\/strong><\/p><ul data-sourcepos=\"15:1-19:0\"><li data-sourcepos=\"15:1-15:66\"><strong>Intervention rapide :<\/strong> Nous intervenons sur BAIN DE BRETAGNE, RENNES et sa r\u00e9gion.<\/li><li data-sourcepos=\"16:1-16:92\"><strong>Experts :<\/strong> Nous sommes sp\u00e9cialis\u00e9s dans la destruction de nids de gu\u00eapes et de frelons.<\/li><li data-sourcepos=\"17:1-17:109\"><strong>S\u00e9curit\u00e9 :<\/strong> Nous utilisons des produits respectueux de l&rsquo;environnement et travaillons en toute s\u00e9curit\u00e9.<\/li><li data-sourcepos=\"18:1-19:0\"><strong>Devis gratuit :<\/strong> Contactez-nous pour obtenir un devis personnalis\u00e9.<\/li><\/ul><p data-sourcepos=\"20:1-20:27\"><strong>Pourquoi nous choisir ?<\/strong><\/p><ul data-sourcepos=\"22:1-22:49\"><li data-sourcepos=\"22:1-22:49\"><strong>Protection de la biodiversit\u00e9 :<\/strong> Nous sommes soucieux de l&rsquo;environnement.<\/li><li data-sourcepos=\"23:1-24:0\"><strong>Exp\u00e9rience :<\/strong> Nous avons une grande exp\u00e9rience dans la gestion des probl\u00e8mes li\u00e9s aux gu\u00eapes et aux frelons.<\/li><\/ul><p data-sourcepos=\"33:1-33:147\">\u00a0<\/p>\t\t\t\t\t\t\t\t<\/div>\n\t\t\t\t<\/div>\n\t\t\t\t<div class=\"elementor-element elementor-element-5f52fe3 elementor-widget elementor-widget-text-editor\" data-id=\"5f52fe3\" data-element_type=\"widget\" data-e-type=\"widget\" data-widget_type=\"text-editor.default\">\n\t\t\t\t<div class=\"elementor-widget-container\">\n\t\t\t\t\t\t\t\t\t<p data-sourcepos=\"33:1-33:147\"><strong>Important :<\/strong> Le frelon asiatique est une esp\u00e8ce invasive qui menace les abeilles. Il est important de le d\u00e9truire pour prot\u00e9ger la biodiversit\u00e9.<\/p>\t\t\t\t\t\t\t\t<\/div>\n\t\t\t\t<\/div>\n\t\t\t\t<\/div>\n\t\t<div class=\"elementor-element elementor-element-2d5c010 e-con-full e-flex e-con e-child\" data-id=\"2d5c010\" data-element_type=\"container\" data-e-type=\"container\">\n\t\t<div class=\"elementor-element elementor-element-232804e e-con-full e-flex e-con e-child\" data-id=\"232804e\" data-element_type=\"container\" data-e-type=\"container\">\n\t\t\t\t<div class=\"elementor-element elementor-element-7fc663f elementor-widget elementor-widget-image\" data-id=\"7fc663f\" data-element_type=\"widget\" data-e-type=\"widget\" data-widget_type=\"image.default\">\n\t\t\t\t<div class=\"elementor-widget-container\">\n\t\t\t\t\t\t\t\t\t\t\t\t\t\t\t<img decoding=\"async\" width=\"500\" height=\"330\" src=\"https:\/\/hde-demoussage-ramonage.com\/wp-content\/uploads\/2024\/09\/guepe-3.jpg\" class=\"attachment-large size-large wp-image-542\" alt=\"Nid de gu\u00eapes avant la destruction par HDE-D\u00e9moussage,ramonage,r\u00e9novation toiture et fa\u00e7ade.\" srcset=\"https:\/\/hde-demoussage-ramonage.com\/wp-content\/uploads\/2024\/09\/guepe-3.jpg 500w, https:\/\/hde-demoussage-ramonage.com\/wp-content\/uploads\/2024\/09\/guepe-3-300x198.jpg 300w\" sizes=\"(max-width: 500px) 100vw, 500px\" \/>\t\t\t\t\t\t\t\t\t\t\t\t\t\t\t<\/div>\n\t\t\t\t<\/div>\n\t\t\t\t<\/div>\n\t\t<div class=\"elementor-element elementor-element-3bcf406 e-con-full e-flex e-con e-child\" data-id=\"3bcf406\" data-element_type=\"container\" data-e-type=\"container\">\n\t\t\t\t<div class=\"elementor-element elementor-element-4b38e01 elementor-widget elementor-widget-image\" data-id=\"4b38e01\" data-element_type=\"widget\" data-e-type=\"widget\" data-widget_type=\"image.default\">\n\t\t\t\t<div class=\"elementor-widget-container\">\n\t\t\t\t\t\t\t\t\t\t\t\t\t\t\t<img loading=\"lazy\" decoding=\"async\" width=\"500\" height=\"454\" src=\"https:\/\/hde-demoussage-ramonage.com\/wp-content\/uploads\/2024\/09\/guepe-4.png\" class=\"attachment-large size-large wp-image-543\" alt=\"Gu\u00eape en plein vol.-D\u00e9moussage,ramonage,r\u00e9novation toiture et fa\u00e7ade.\" srcset=\"https:\/\/hde-demoussage-ramonage.com\/wp-content\/uploads\/2024\/09\/guepe-4.png 500w, https:\/\/hde-demoussage-ramonage.com\/wp-content\/uploads\/2024\/09\/guepe-4-300x272.png 300w\" sizes=\"(max-width: 500px) 100vw, 500px\" \/>\t\t\t\t\t\t\t\t\t\t\t\t\t\t\t<\/div>\n\t\t\t\t<\/div>\n\t\t\t\t<div class=\"elementor-element elementor-element-c8e901e elementor-align-center elementor-widget elementor-widget-button\" data-id=\"c8e901e\" data-element_type=\"widget\" data-e-type=\"widget\" data-widget_type=\"button.default\">\n\t\t\t\t<div class=\"elementor-widget-container\">\n\t\t\t\t\t\t\t\t\t<div class=\"elementor-button-wrapper\">\n\t\t\t\t\t<a class=\"elementor-button elementor-button-link elementor-size-sm\" href=\"https:\/\/hde-demoussage-ramonage.com\/index.php\/contact\/\">\n\t\t\t\t\t\t<span class=\"elementor-button-content-wrapper\">\n\t\t\t\t\t\t\t\t\t<span class=\"elementor-button-text\">Contactez-nous d\u00e8s maintenant !<\/span>\n\t\t\t\t\t<\/span>\n\t\t\t\t\t<\/a>\n\t\t\t\t<\/div>\n\t\t\t\t\t\t\t\t<\/div>\n\t\t\t\t<\/div>\n\t\t\t\t<\/div>\n\t\t\t\t<\/div>\n\t\t\t\t\t<\/div>\n\t\t\t\t<\/div>\n\t\t\t\t<\/div>\n\t\t","protected":false},"excerpt":{"rendered":"<p>Destruction des gu\u00eapes et frelons Un\u00a0nid de gu\u00eapes, un\u00a0nid de frelons europ\u00e9en ou asiatiques&#8230; a \u00e9lu domicile dans votre chemin\u00e9e, sur votre porche d&rsquo;entr\u00e9e, dans votre toit, sur le mur de votre maison, dans votre grenier, dans votre boite aux lettres, dans vos volets roulants, dans un arbre &#8230; Vous avez un nid de gu\u00eapes [&hellip;]<\/p>\n","protected":false},"author":1,"featured_media":0,"parent":0,"menu_order":0,"comment_status":"closed","ping_status":"closed","template":"","meta":{"footnotes":""},"class_list":["post-120","page","type-page","status-publish","hentry"],"yoast_head":"<!-- This site is optimized with the Yoast SEO plugin v26.9 - https:\/\/yoast.com\/product\/yoast-seo-wordpress\/ -->\n<title>Destruction gu\u00eapes, frelons - HDE<\/title>\n<meta name=\"description\" content=\"D\u00e9moussage, ramonage, r\u00e9novation de toiture, de fa\u00e7ade sur BAIN DE BRETAGNE, RENNES et ses environs, pour votre maison ou votre b\u00e2timent.\" \/>\n<meta name=\"robots\" content=\"index, follow, max-snippet:-1, max-image-preview:large, max-video-preview:-1\" \/>\n<link rel=\"canonical\" href=\"https:\/\/hde-demoussage-ramonage.com\/index.php\/destruction-guepesfrelons\/\" \/>\n<meta property=\"og:locale\" content=\"fr_FR\" \/>\n<meta property=\"og:type\" content=\"article\" \/>\n<meta property=\"og:title\" content=\"Destruction gu\u00eapes, frelons - HDE\" \/>\n<meta property=\"og:description\" content=\"D\u00e9moussage, ramonage, r\u00e9novation de toiture, de fa\u00e7ade sur BAIN DE BRETAGNE, RENNES et ses environs, pour votre maison ou votre b\u00e2timent.\" \/>\n<meta property=\"og:url\" content=\"https:\/\/hde-demoussage-ramonage.com\/index.php\/destruction-guepesfrelons\/\" \/>\n<meta property=\"og:site_name\" content=\"HDE\" \/>\n<meta property=\"article:modified_time\" content=\"2024-10-02T13:42:29+00:00\" \/>\n<meta property=\"og:image\" content=\"https:\/\/hde-demoussage-ramonage.com\/wp-content\/uploads\/2024\/09\/guepe-2.png\" \/>\n<meta name=\"twitter:card\" content=\"summary_large_image\" \/>\n<meta name=\"twitter:label1\" content=\"Dur\u00e9e de lecture estim\u00e9e\" \/>\n\t<meta name=\"twitter:data1\" content=\"2 minutes\" \/>\n<script type=\"application\/ld+json\" class=\"yoast-schema-graph\">{\"@context\":\"https:\/\/schema.org\",\"@graph\":[{\"@type\":\"WebPage\",\"@id\":\"https:\/\/hde-demoussage-ramonage.com\/index.php\/destruction-guepesfrelons\/\",\"url\":\"https:\/\/hde-demoussage-ramonage.com\/index.php\/destruction-guepesfrelons\/\",\"name\":\"Destruction gu\u00eapes, frelons - HDE\",\"isPartOf\":{\"@id\":\"https:\/\/hde-demoussage-ramonage.com\/#website\"},\"primaryImageOfPage\":{\"@id\":\"https:\/\/hde-demoussage-ramonage.com\/index.php\/destruction-guepesfrelons\/#primaryimage\"},\"image\":{\"@id\":\"https:\/\/hde-demoussage-ramonage.com\/index.php\/destruction-guepesfrelons\/#primaryimage\"},\"thumbnailUrl\":\"https:\/\/hde-demoussage-ramonage.com\/wp-content\/uploads\/2024\/09\/guepe-2.png\",\"datePublished\":\"2024-09-05T14:29:15+00:00\",\"dateModified\":\"2024-10-02T13:42:29+00:00\",\"description\":\"D\u00e9moussage, ramonage, r\u00e9novation de toiture, de fa\u00e7ade sur BAIN DE BRETAGNE, RENNES et ses environs, pour votre maison ou votre b\u00e2timent.\",\"breadcrumb\":{\"@id\":\"https:\/\/hde-demoussage-ramonage.com\/index.php\/destruction-guepesfrelons\/#breadcrumb\"},\"inLanguage\":\"fr-FR\",\"potentialAction\":[{\"@type\":\"ReadAction\",\"target\":[\"https:\/\/hde-demoussage-ramonage.com\/index.php\/destruction-guepesfrelons\/\"]}]},{\"@type\":\"ImageObject\",\"inLanguage\":\"fr-FR\",\"@id\":\"https:\/\/hde-demoussage-ramonage.com\/index.php\/destruction-guepesfrelons\/#primaryimage\",\"url\":\"https:\/\/hde-demoussage-ramonage.com\/wp-content\/uploads\/2024\/09\/guepe-2.png\",\"contentUrl\":\"https:\/\/hde-demoussage-ramonage.com\/wp-content\/uploads\/2024\/09\/guepe-2.png\",\"width\":973,\"height\":722,\"caption\":\"Logo de la soci\u00e9t\u00e9 HDE, destruction gu\u00eapes, frelons-D\u00e9moussage,ramonage,r\u00e9novation toiture et fa\u00e7ade.\"},{\"@type\":\"BreadcrumbList\",\"@id\":\"https:\/\/hde-demoussage-ramonage.com\/index.php\/destruction-guepesfrelons\/#breadcrumb\",\"itemListElement\":[{\"@type\":\"ListItem\",\"position\":1,\"name\":\"Accueil\",\"item\":\"https:\/\/hde-demoussage-ramonage.com\/\"},{\"@type\":\"ListItem\",\"position\":2,\"name\":\"Destruction gu\u00eapes, frelons\"}]},{\"@type\":\"WebSite\",\"@id\":\"https:\/\/hde-demoussage-ramonage.com\/#website\",\"url\":\"https:\/\/hde-demoussage-ramonage.com\/\",\"name\":\"https:\/\/hde-demoussage-ramonage.com\/\",\"description\":\"D\u00e9moussage, ramonage, r\u00e9novation de toiture, de fa\u00e7ade sur BAIN DE BRETAGNE, RENNES et ses environs, pour votre maison ou votre b\u00e2timent.\",\"publisher\":{\"@id\":\"https:\/\/hde-demoussage-ramonage.com\/#organization\"},\"alternateName\":\"HDE\",\"potentialAction\":[{\"@type\":\"SearchAction\",\"target\":{\"@type\":\"EntryPoint\",\"urlTemplate\":\"https:\/\/hde-demoussage-ramonage.com\/?s={search_term_string}\"},\"query-input\":{\"@type\":\"PropertyValueSpecification\",\"valueRequired\":true,\"valueName\":\"search_term_string\"}}],\"inLanguage\":\"fr-FR\"},{\"@type\":\"Organization\",\"@id\":\"https:\/\/hde-demoussage-ramonage.com\/#organization\",\"name\":\"hde-demoussage-ramonage.\",\"alternateName\":\"HDE\",\"url\":\"https:\/\/hde-demoussage-ramonage.com\/\",\"logo\":{\"@type\":\"ImageObject\",\"inLanguage\":\"fr-FR\",\"@id\":\"https:\/\/hde-demoussage-ramonage.com\/#\/schema\/logo\/image\/\",\"url\":\"https:\/\/hde-demoussage-ramonage.com\/wp-content\/uploads\/2024\/09\/cropped-cropped-Logo-HDE-Def-web.png\",\"contentUrl\":\"https:\/\/hde-demoussage-ramonage.com\/wp-content\/uploads\/2024\/09\/cropped-cropped-Logo-HDE-Def-web.png\",\"width\":500,\"height\":190,\"caption\":\"hde-demoussage-ramonage.\"},\"image\":{\"@id\":\"https:\/\/hde-demoussage-ramonage.com\/#\/schema\/logo\/image\/\"}}]}<\/script>\n<!-- \/ Yoast SEO plugin. -->","yoast_head_json":{"title":"Destruction gu\u00eapes, frelons - HDE","description":"D\u00e9moussage, ramonage, r\u00e9novation de toiture, de fa\u00e7ade sur BAIN DE BRETAGNE, RENNES et ses environs, pour votre maison ou votre b\u00e2timent.","robots":{"index":"index","follow":"follow","max-snippet":"max-snippet:-1","max-image-preview":"max-image-preview:large","max-video-preview":"max-video-preview:-1"},"canonical":"https:\/\/hde-demoussage-ramonage.com\/index.php\/destruction-guepesfrelons\/","og_locale":"fr_FR","og_type":"article","og_title":"Destruction gu\u00eapes, frelons - HDE","og_description":"D\u00e9moussage, ramonage, r\u00e9novation de toiture, de fa\u00e7ade sur BAIN DE BRETAGNE, RENNES et ses environs, pour votre maison ou votre b\u00e2timent.","og_url":"https:\/\/hde-demoussage-ramonage.com\/index.php\/destruction-guepesfrelons\/","og_site_name":"HDE","article_modified_time":"2024-10-02T13:42:29+00:00","og_image":[{"url":"https:\/\/hde-demoussage-ramonage.com\/wp-content\/uploads\/2024\/09\/guepe-2.png","type":"","width":"","height":""}],"twitter_card":"summary_large_image","twitter_misc":{"Dur\u00e9e de lecture estim\u00e9e":"2 minutes"},"schema":{"@context":"https:\/\/schema.org","@graph":[{"@type":"WebPage","@id":"https:\/\/hde-demoussage-ramonage.com\/index.php\/destruction-guepesfrelons\/","url":"https:\/\/hde-demoussage-ramonage.com\/index.php\/destruction-guepesfrelons\/","name":"Destruction gu\u00eapes, frelons - HDE","isPartOf":{"@id":"https:\/\/hde-demoussage-ramonage.com\/#website"},"primaryImageOfPage":{"@id":"https:\/\/hde-demoussage-ramonage.com\/index.php\/destruction-guepesfrelons\/#primaryimage"},"image":{"@id":"https:\/\/hde-demoussage-ramonage.com\/index.php\/destruction-guepesfrelons\/#primaryimage"},"thumbnailUrl":"https:\/\/hde-demoussage-ramonage.com\/wp-content\/uploads\/2024\/09\/guepe-2.png","datePublished":"2024-09-05T14:29:15+00:00","dateModified":"2024-10-02T13:42:29+00:00","description":"D\u00e9moussage, ramonage, r\u00e9novation de toiture, de fa\u00e7ade sur BAIN DE BRETAGNE, RENNES et ses environs, pour votre maison ou votre b\u00e2timent.","breadcrumb":{"@id":"https:\/\/hde-demoussage-ramonage.com\/index.php\/destruction-guepesfrelons\/#breadcrumb"},"inLanguage":"fr-FR","potentialAction":[{"@type":"ReadAction","target":["https:\/\/hde-demoussage-ramonage.com\/index.php\/destruction-guepesfrelons\/"]}]},{"@type":"ImageObject","inLanguage":"fr-FR","@id":"https:\/\/hde-demoussage-ramonage.com\/index.php\/destruction-guepesfrelons\/#primaryimage","url":"https:\/\/hde-demoussage-ramonage.com\/wp-content\/uploads\/2024\/09\/guepe-2.png","contentUrl":"https:\/\/hde-demoussage-ramonage.com\/wp-content\/uploads\/2024\/09\/guepe-2.png","width":973,"height":722,"caption":"Logo de la soci\u00e9t\u00e9 HDE, destruction gu\u00eapes, frelons-D\u00e9moussage,ramonage,r\u00e9novation toiture et fa\u00e7ade."},{"@type":"BreadcrumbList","@id":"https:\/\/hde-demoussage-ramonage.com\/index.php\/destruction-guepesfrelons\/#breadcrumb","itemListElement":[{"@type":"ListItem","position":1,"name":"Accueil","item":"https:\/\/hde-demoussage-ramonage.com\/"},{"@type":"ListItem","position":2,"name":"Destruction gu\u00eapes, frelons"}]},{"@type":"WebSite","@id":"https:\/\/hde-demoussage-ramonage.com\/#website","url":"https:\/\/hde-demoussage-ramonage.com\/","name":"https:\/\/hde-demoussage-ramonage.com\/","description":"D\u00e9moussage, ramonage, r\u00e9novation de toiture, de fa\u00e7ade sur BAIN DE BRETAGNE, RENNES et ses environs, pour votre maison ou votre b\u00e2timent.","publisher":{"@id":"https:\/\/hde-demoussage-ramonage.com\/#organization"},"alternateName":"HDE","potentialAction":[{"@type":"SearchAction","target":{"@type":"EntryPoint","urlTemplate":"https:\/\/hde-demoussage-ramonage.com\/?s={search_term_string}"},"query-input":{"@type":"PropertyValueSpecification","valueRequired":true,"valueName":"search_term_string"}}],"inLanguage":"fr-FR"},{"@type":"Organization","@id":"https:\/\/hde-demoussage-ramonage.com\/#organization","name":"hde-demoussage-ramonage.","alternateName":"HDE","url":"https:\/\/hde-demoussage-ramonage.com\/","logo":{"@type":"ImageObject","inLanguage":"fr-FR","@id":"https:\/\/hde-demoussage-ramonage.com\/#\/schema\/logo\/image\/","url":"https:\/\/hde-demoussage-ramonage.com\/wp-content\/uploads\/2024\/09\/cropped-cropped-Logo-HDE-Def-web.png","contentUrl":"https:\/\/hde-demoussage-ramonage.com\/wp-content\/uploads\/2024\/09\/cropped-cropped-Logo-HDE-Def-web.png","width":500,"height":190,"caption":"hde-demoussage-ramonage."},"image":{"@id":"https:\/\/hde-demoussage-ramonage.com\/#\/schema\/logo\/image\/"}}]}},"_links":{"self":[{"href":"https:\/\/hde-demoussage-ramonage.com\/index.php\/wp-json\/wp\/v2\/pages\/120","targetHints":{"allow":["GET"]}}],"collection":[{"href":"https:\/\/hde-demoussage-ramonage.com\/index.php\/wp-json\/wp\/v2\/pages"}],"about":[{"href":"https:\/\/hde-demoussage-ramonage.com\/index.php\/wp-json\/wp\/v2\/types\/page"}],"author":[{"embeddable":true,"href":"https:\/\/hde-demoussage-ramonage.com\/index.php\/wp-json\/wp\/v2\/users\/1"}],"replies":[{"embeddable":true,"href":"https:\/\/hde-demoussage-ramonage.com\/index.php\/wp-json\/wp\/v2\/comments?post=120"}],"version-history":[{"count":18,"href":"https:\/\/hde-demoussage-ramonage.com\/index.php\/wp-json\/wp\/v2\/pages\/120\/revisions"}],"predecessor-version":[{"id":676,"href":"https:\/\/hde-demoussage-ramonage.com\/index.php\/wp-json\/wp\/v2\/pages\/120\/revisions\/676"}],"wp:attachment":[{"href":"https:\/\/hde-demoussage-ramonage.com\/index.php\/wp-json\/wp\/v2\/media?parent=120"}],"curies":[{"name":"wp","href":"https:\/\/api.w.org\/{rel}","templated":true}]}}