{"id":127,"date":"2024-09-05T16:31:40","date_gmt":"2024-09-05T14:31:40","guid":{"rendered":"https:\/\/hde-demoussage-ramonage.com\/?page_id=127"},"modified":"2024-10-08T15:40:12","modified_gmt":"2024-10-08T13:40:12","slug":"contact-hde-demoussage-ramonage-renovation-de-toiture-de-facade-sur-bain-de-bretagne","status":"publish","type":"page","link":"https:\/\/hde-demoussage-ramonage.com\/index.php\/contact-hde-demoussage-ramonage-renovation-de-toiture-de-facade-sur-bain-de-bretagne\/","title":{"rendered":"Contact"},"content":{"rendered":"\t\t<div data-elementor-type=\"wp-post\" data-elementor-id=\"127\" class=\"elementor elementor-127\">\n\t\t\t\t<div class=\"elementor-element elementor-element-f957232 e-flex e-con-boxed e-con e-parent\" data-id=\"f957232\" data-element_type=\"container\" data-e-type=\"container\">\n\t\t\t\t\t<div class=\"e-con-inner\">\n\t\t\t\t<div class=\"elementor-element elementor-element-ca186d8 elementor-widget elementor-widget-spacer\" data-id=\"ca186d8\" data-element_type=\"widget\" data-e-type=\"widget\" data-widget_type=\"spacer.default\">\n\t\t\t\t<div class=\"elementor-widget-container\">\n\t\t\t\t\t\t\t<div class=\"elementor-spacer\">\n\t\t\t<div class=\"elementor-spacer-inner\"><\/div>\n\t\t<\/div>\n\t\t\t\t\t\t<\/div>\n\t\t\t\t<\/div>\n\t\t\t\t\t<\/div>\n\t\t\t\t<\/div>\n\t\t<div class=\"elementor-element elementor-element-2521ae3 e-flex e-con-boxed e-con e-parent\" data-id=\"2521ae3\" data-element_type=\"container\" data-e-type=\"container\" data-settings=\"{&quot;background_background&quot;:&quot;classic&quot;}\">\n\t\t\t\t\t<div class=\"e-con-inner\">\n\t\t\t\t<div class=\"elementor-element elementor-element-e070bda elementor-widget elementor-widget-heading\" data-id=\"e070bda\" data-element_type=\"widget\" data-e-type=\"widget\" data-widget_type=\"heading.default\">\n\t\t\t\t<div class=\"elementor-widget-container\">\n\t\t\t\t\t<h2 class=\"elementor-heading-title elementor-size-default\">Informations de contact<\/h2>\t\t\t\t<\/div>\n\t\t\t\t<\/div>\n\t\t\t\t<div class=\"elementor-element elementor-element-9ac74df elementor-widget elementor-widget-text-editor\" data-id=\"9ac74df\" data-element_type=\"widget\" data-e-type=\"widget\" data-widget_type=\"text-editor.default\">\n\t\t\t\t<div class=\"elementor-widget-container\">\n\t\t\t\t\t\t\t\t\t<p>Remplissez le formulaire ci-dessous. Un conseiller traitera votre demande dans les meilleurs d\u00e9lais.<\/p>\t\t\t\t\t\t\t\t<\/div>\n\t\t\t\t<\/div>\n\t\t\t\t\t<\/div>\n\t\t\t\t<\/div>\n\t\t<div class=\"elementor-element elementor-element-fbf8e19 e-flex e-con-boxed e-con e-parent\" data-id=\"fbf8e19\" data-element_type=\"container\" data-e-type=\"container\">\n\t\t\t\t\t<div class=\"e-con-inner\">\n\t\t<div class=\"elementor-element elementor-element-e2725ba e-con-full e-flex e-con e-child\" data-id=\"e2725ba\" data-element_type=\"container\" data-e-type=\"container\" data-settings=\"{&quot;background_background&quot;:&quot;classic&quot;}\">\n\t\t\t\t<div class=\"elementor-element elementor-element-041d89f elementor-widget elementor-widget-image\" data-id=\"041d89f\" data-element_type=\"widget\" data-e-type=\"widget\" data-widget_type=\"image.default\">\n\t\t\t\t<div class=\"elementor-widget-container\">\n\t\t\t\t\t\t\t\t\t\t\t\t\t\t\t<img fetchpriority=\"high\" decoding=\"async\" width=\"800\" height=\"800\" src=\"https:\/\/hde-demoussage-ramonage.com\/wp-content\/uploads\/2024\/09\/Portrait--1024x1024.jpg\" class=\"attachment-large size-large wp-image-734\" alt=\"HDE,d\u00e9moussage,ramonage,r\u00e9novation toiture et fa\u00e7ade.\" srcset=\"https:\/\/hde-demoussage-ramonage.com\/wp-content\/uploads\/2024\/09\/Portrait--1024x1024.jpg 1024w, https:\/\/hde-demoussage-ramonage.com\/wp-content\/uploads\/2024\/09\/Portrait--300x300.jpg 300w, https:\/\/hde-demoussage-ramonage.com\/wp-content\/uploads\/2024\/09\/Portrait--150x150.jpg 150w, https:\/\/hde-demoussage-ramonage.com\/wp-content\/uploads\/2024\/09\/Portrait--768x768.jpg 768w, https:\/\/hde-demoussage-ramonage.com\/wp-content\/uploads\/2024\/09\/Portrait--1536x1536.jpg 1536w, https:\/\/hde-demoussage-ramonage.com\/wp-content\/uploads\/2024\/09\/Portrait-.jpg 2000w\" sizes=\"(max-width: 800px) 100vw, 800px\" \/>\t\t\t\t\t\t\t\t\t\t\t\t\t\t\t<\/div>\n\t\t\t\t<\/div>\n\t\t\t\t<div class=\"elementor-element elementor-element-3c0cf53 elementor-widget elementor-widget-text-editor\" data-id=\"3c0cf53\" data-element_type=\"widget\" data-e-type=\"widget\" data-widget_type=\"text-editor.default\">\n\t\t\t\t<div class=\"elementor-widget-container\">\n\t\t\t\t\t\t\t\t\tEntreprise fran\u00e7aise<br> Intervention rapide<br>\n+ de 20 ans d&rsquo;exp\u00e9rience<br>\nPrestations garanties 15 ans\t\t\t\t\t\t\t\t<\/div>\n\t\t\t\t<\/div>\n\t\t\t\t<div class=\"elementor-element elementor-element-6ec1954 elementor-widget-mobile__width-initial elementor-widget elementor-widget-heading\" data-id=\"6ec1954\" data-element_type=\"widget\" data-e-type=\"widget\" data-widget_type=\"heading.default\">\n\t\t\t\t<div class=\"elementor-widget-container\">\n\t\t\t\t\t<h2 class=\"elementor-heading-title elementor-size-default\"><a href=\"https:\/\/hde-demoussage-ramonage.com\/index.php\/baindebretagne\/\">Nous intervenons sur BAIN DE BRETAGNE, RENNES et sa r\u00e9gion. <\/a><\/h2>\t\t\t\t<\/div>\n\t\t\t\t<\/div>\n\t\t\t\t<div class=\"elementor-element elementor-element-31ac36d elementor-widget elementor-widget-image\" data-id=\"31ac36d\" data-element_type=\"widget\" data-e-type=\"widget\" data-widget_type=\"image.default\">\n\t\t\t\t<div class=\"elementor-widget-container\">\n\t\t\t\t\t\t\t\t\t\t\t\t\t\t\t<img decoding=\"async\" width=\"800\" height=\"148\" src=\"https:\/\/hde-demoussage-ramonage.com\/wp-content\/uploads\/2024\/09\/certification-professionnelle-costic.png\" class=\"attachment-large size-large wp-image-260\" alt=\"Logo COSTIC Comite Scientifique et Technique des Industries Climatiques, CERTIFIE PROFESSIONNEL RAMONEUR FUMISTE-D\u00e9moussage,ramonage,r\u00e9novation toiture et fa\u00e7ade.\" srcset=\"https:\/\/hde-demoussage-ramonage.com\/wp-content\/uploads\/2024\/09\/certification-professionnelle-costic.png 1019w, https:\/\/hde-demoussage-ramonage.com\/wp-content\/uploads\/2024\/09\/certification-professionnelle-costic-300x55.png 300w, https:\/\/hde-demoussage-ramonage.com\/wp-content\/uploads\/2024\/09\/certification-professionnelle-costic-768x142.png 768w\" sizes=\"(max-width: 800px) 100vw, 800px\" \/>\t\t\t\t\t\t\t\t\t\t\t\t\t\t\t<\/div>\n\t\t\t\t<\/div>\n\t\t\t\t<\/div>\n\t\t<div class=\"elementor-element elementor-element-3020065 e-con-full e-flex e-con e-child\" data-id=\"3020065\" data-element_type=\"container\" data-e-type=\"container\" data-settings=\"{&quot;background_background&quot;:&quot;classic&quot;}\">\n\t\t\t\t<div class=\"elementor-element elementor-element-fca48a7 elementor-widget__width-inherit elementor-widget elementor-widget-ep-cf7-plus\" data-id=\"fca48a7\" data-element_type=\"widget\" data-e-type=\"widget\" data-widget_type=\"ep-cf7-plus.default\">\n\t\t\t\t<div class=\"elementor-widget-container\">\n\t\t\t\t\t\n<div class=\"wpcf7 no-js\" id=\"wpcf7-f215-o1\" lang=\"fr-FR\" dir=\"ltr\" data-wpcf7-id=\"215\">\n<div class=\"screen-reader-response\"><p role=\"status\" aria-live=\"polite\" aria-atomic=\"true\"><\/p> <ul><\/ul><\/div>\n<form action=\"\/index.php\/wp-json\/wp\/v2\/pages\/127#wpcf7-f215-o1\" method=\"post\" class=\"wpcf7-form init\" aria-label=\"Formulaire de contact\" novalidate=\"novalidate\" data-status=\"init\">\n<fieldset class=\"hidden-fields-container\"><input type=\"hidden\" name=\"_wpcf7\" value=\"215\" \/><input type=\"hidden\" name=\"_wpcf7_version\" value=\"6.1.4\" \/><input type=\"hidden\" name=\"_wpcf7_locale\" value=\"fr_FR\" \/><input type=\"hidden\" name=\"_wpcf7_unit_tag\" value=\"wpcf7-f215-o1\" \/><input type=\"hidden\" name=\"_wpcf7_container_post\" value=\"0\" \/><input type=\"hidden\" name=\"_wpcf7_posted_data_hash\" value=\"\" \/><input type=\"hidden\" name=\"_wpcf7_recaptcha_response\" value=\"\" \/>\n<\/fieldset>\n<p><label> Nom*<br \/>\n<span class=\"wpcf7-form-control-wrap\" data-name=\"your-name\"><input size=\"40\" maxlength=\"400\" class=\"wpcf7-form-control wpcf7-text wpcf7-validates-as-required\" aria-required=\"true\" aria-invalid=\"false\" value=\"\" type=\"text\" name=\"your-name\" \/><\/span> <\/label>\n<\/p>\n<p><label> Code postal - Ville*<br \/>\n<span class=\"wpcf7-form-control-wrap\" data-name=\"Code\"><input size=\"40\" maxlength=\"400\" class=\"wpcf7-form-control wpcf7-text wpcf7-validates-as-required\" aria-required=\"true\" aria-invalid=\"false\" value=\"\" type=\"text\" name=\"Code\" \/><\/span> <\/label>\n<\/p>\n<p><label> Votre num\u00e9ro de t\u00e9l\u00e9phone*<br \/>\n<span class=\"wpcf7-form-control-wrap\" data-name=\"tel-35\"><input size=\"40\" maxlength=\"400\" class=\"wpcf7-form-control wpcf7-tel wpcf7-validates-as-required wpcf7-text wpcf7-validates-as-tel\" aria-required=\"true\" aria-invalid=\"false\" value=\"\" type=\"tel\" name=\"tel-35\" \/><\/span><\/label>\n<\/p>\n<p><label> Votre e-mail*<br \/>\n<span class=\"wpcf7-form-control-wrap\" data-name=\"your-email\"><input size=\"40\" maxlength=\"400\" class=\"wpcf7-form-control wpcf7-email wpcf7-validates-as-required wpcf7-text wpcf7-validates-as-email\" autocomplete=\"email\" aria-required=\"true\" aria-invalid=\"false\" value=\"\" type=\"email\" name=\"your-email\" \/><\/span> <\/label>\n<\/p>\n<p><label> Vous \u00eates *<\/label><br \/>\n<span class=\"wpcf7-form-control-wrap\" data-name=\"radio-834\"><span class=\"wpcf7-form-control wpcf7-radio\"><span class=\"wpcf7-list-item first\"><label><span class=\"wpcf7-list-item-label\">Propri\u00e9taire<\/span><input type=\"radio\" name=\"radio-834\" value=\"Propri\u00e9taire\" checked=\"checked\" \/><\/label><\/span><span class=\"wpcf7-list-item last\"><label><span class=\"wpcf7-list-item-label\">Locataire<\/span><input type=\"radio\" name=\"radio-834\" value=\"Locataire\" \/><\/label><\/span><\/span><\/span>\n<\/p>\n<p><label> Vos travaux concernent *<\/label><br \/>\n<span class=\"wpcf7-form-control-wrap\" data-name=\"radio-932\"><span class=\"wpcf7-form-control wpcf7-radio\"><span class=\"wpcf7-list-item first\"><label><input type=\"radio\" name=\"radio-932\" value=\"Une maison\" checked=\"checked\" \/><span class=\"wpcf7-list-item-label\">Une maison<\/span><\/label><\/span><span class=\"wpcf7-list-item last\"><label><input type=\"radio\" name=\"radio-932\" value=\"Un b\u00e2timent industriel\" \/><span class=\"wpcf7-list-item-label\">Un b\u00e2timent industriel<\/span><\/label><\/span><\/span><\/span>\n<\/p>\n<p><label> Objet*<br \/>\n<span class=\"wpcf7-form-control-wrap\" data-name=\"your-subject\"><input size=\"40\" maxlength=\"400\" class=\"wpcf7-form-control wpcf7-text wpcf7-validates-as-required\" aria-required=\"true\" aria-invalid=\"false\" value=\"\" type=\"text\" name=\"your-subject\" \/><\/span> <\/label>\n<\/p>\n<p><label> Compl\u00e9ter votre demande<br \/>\n<span class=\"wpcf7-form-control-wrap\" data-name=\"your-message\"><textarea cols=\"40\" rows=\"10\" maxlength=\"2000\" class=\"wpcf7-form-control wpcf7-textarea\" aria-invalid=\"false\" name=\"your-message\"><\/textarea><\/span> <\/label>\n<\/p>\n<p><input class=\"wpcf7-form-control wpcf7-submit has-spinner\" type=\"submit\" value=\"Envoyer\" \/>\n<\/p><div class=\"wpcf7-response-output\" aria-hidden=\"true\"><\/div>\n<\/form>\n<\/div>\n\t\t\t\t<\/div>\n\t\t\t\t<\/div>\n\t\t\t\t<\/div>\n\t\t\t\t\t<\/div>\n\t\t\t\t<\/div>\n\t\t<div class=\"elementor-element elementor-element-1612dab e-flex e-con-boxed e-con e-parent\" data-id=\"1612dab\" data-element_type=\"container\" data-e-type=\"container\">\n\t\t\t\t\t<div class=\"e-con-inner\">\n\t\t\t\t<div class=\"elementor-element elementor-element-4e4d09d elementor-widget elementor-widget-spacer\" data-id=\"4e4d09d\" data-element_type=\"widget\" data-e-type=\"widget\" data-widget_type=\"spacer.default\">\n\t\t\t\t<div class=\"elementor-widget-container\">\n\t\t\t\t\t\t\t<div class=\"elementor-spacer\">\n\t\t\t<div class=\"elementor-spacer-inner\"><\/div>\n\t\t<\/div>\n\t\t\t\t\t\t<\/div>\n\t\t\t\t<\/div>\n\t\t\t\t\t<\/div>\n\t\t\t\t<\/div>\n\t\t\t\t<\/div>\n\t\t","protected":false},"excerpt":{"rendered":"<p>Informations de contact Remplissez le formulaire ci-dessous. Un conseiller traitera votre demande dans les meilleurs d\u00e9lais. Entreprise fran\u00e7aise Intervention rapide + de 20 ans d&rsquo;exp\u00e9rience Prestations garanties 15 ans Nous intervenons sur BAIN DE BRETAGNE, RENNES et sa r\u00e9gion. Nom* Code postal &#8211; Ville* Votre num\u00e9ro de t\u00e9l\u00e9phone* Votre e-mail* Vous \u00eates * Propri\u00e9taireLocataire Vos [&hellip;]<\/p>\n","protected":false},"author":1,"featured_media":0,"parent":0,"menu_order":0,"comment_status":"closed","ping_status":"closed","template":"","meta":{"footnotes":""},"class_list":["post-127","page","type-page","status-publish","hentry"],"yoast_head":"<!-- This site is optimized with the Yoast SEO plugin v26.9 - https:\/\/yoast.com\/product\/yoast-seo-wordpress\/ -->\n<title>Contact - HDE<\/title>\n<meta name=\"description\" content=\"D\u00e9moussage, ramonage, r\u00e9novation de toiture, de fa\u00e7ade sur BAIN DE BRETAGNE, RENNES et ses environs, pour votre maison ou votre b\u00e2timent.\" \/>\n<meta name=\"robots\" content=\"index, follow, max-snippet:-1, max-image-preview:large, max-video-preview:-1\" \/>\n<link rel=\"canonical\" href=\"https:\/\/hde-demoussage-ramonage.com\/index.php\/contact-hde-demoussage-ramonage-renovation-de-toiture-de-facade-sur-bain-de-bretagne\/\" \/>\n<meta property=\"og:locale\" content=\"fr_FR\" \/>\n<meta property=\"og:type\" content=\"article\" \/>\n<meta property=\"og:title\" content=\"Contact - HDE\" \/>\n<meta property=\"og:description\" content=\"D\u00e9moussage, ramonage, r\u00e9novation de toiture, de fa\u00e7ade sur BAIN DE BRETAGNE, RENNES et ses environs, pour votre maison ou votre b\u00e2timent.\" \/>\n<meta property=\"og:url\" content=\"https:\/\/hde-demoussage-ramonage.com\/index.php\/contact-hde-demoussage-ramonage-renovation-de-toiture-de-facade-sur-bain-de-bretagne\/\" \/>\n<meta property=\"og:site_name\" content=\"HDE\" \/>\n<meta property=\"article:modified_time\" content=\"2024-10-08T13:40:12+00:00\" \/>\n<meta property=\"og:image\" content=\"https:\/\/hde-demoussage-ramonage.com\/wp-content\/uploads\/2024\/09\/Portrait--1024x1024.jpg\" \/>\n<meta name=\"twitter:card\" content=\"summary_large_image\" \/>\n<meta name=\"twitter:label1\" content=\"Dur\u00e9e de lecture estim\u00e9e\" \/>\n\t<meta name=\"twitter:data1\" content=\"1 minute\" \/>\n<script type=\"application\/ld+json\" class=\"yoast-schema-graph\">{\"@context\":\"https:\/\/schema.org\",\"@graph\":[{\"@type\":\"WebPage\",\"@id\":\"https:\/\/hde-demoussage-ramonage.com\/index.php\/contact-hde-demoussage-ramonage-renovation-de-toiture-de-facade-sur-bain-de-bretagne\/\",\"url\":\"https:\/\/hde-demoussage-ramonage.com\/index.php\/contact-hde-demoussage-ramonage-renovation-de-toiture-de-facade-sur-bain-de-bretagne\/\",\"name\":\"Contact - HDE\",\"isPartOf\":{\"@id\":\"https:\/\/hde-demoussage-ramonage.com\/#website\"},\"primaryImageOfPage\":{\"@id\":\"https:\/\/hde-demoussage-ramonage.com\/index.php\/contact-hde-demoussage-ramonage-renovation-de-toiture-de-facade-sur-bain-de-bretagne\/#primaryimage\"},\"image\":{\"@id\":\"https:\/\/hde-demoussage-ramonage.com\/index.php\/contact-hde-demoussage-ramonage-renovation-de-toiture-de-facade-sur-bain-de-bretagne\/#primaryimage\"},\"thumbnailUrl\":\"https:\/\/hde-demoussage-ramonage.com\/wp-content\/uploads\/2024\/09\/Portrait--1024x1024.jpg\",\"datePublished\":\"2024-09-05T14:31:40+00:00\",\"dateModified\":\"2024-10-08T13:40:12+00:00\",\"description\":\"D\u00e9moussage, ramonage, r\u00e9novation de toiture, de fa\u00e7ade sur BAIN DE BRETAGNE, RENNES et ses environs, pour votre maison ou votre b\u00e2timent.\",\"breadcrumb\":{\"@id\":\"https:\/\/hde-demoussage-ramonage.com\/index.php\/contact-hde-demoussage-ramonage-renovation-de-toiture-de-facade-sur-bain-de-bretagne\/#breadcrumb\"},\"inLanguage\":\"fr-FR\",\"potentialAction\":[{\"@type\":\"ReadAction\",\"target\":[\"https:\/\/hde-demoussage-ramonage.com\/index.php\/contact-hde-demoussage-ramonage-renovation-de-toiture-de-facade-sur-bain-de-bretagne\/\"]}]},{\"@type\":\"ImageObject\",\"inLanguage\":\"fr-FR\",\"@id\":\"https:\/\/hde-demoussage-ramonage.com\/index.php\/contact-hde-demoussage-ramonage-renovation-de-toiture-de-facade-sur-bain-de-bretagne\/#primaryimage\",\"url\":\"https:\/\/hde-demoussage-ramonage.com\/wp-content\/uploads\/2024\/09\/Portrait-.jpg\",\"contentUrl\":\"https:\/\/hde-demoussage-ramonage.com\/wp-content\/uploads\/2024\/09\/Portrait-.jpg\",\"width\":2000,\"height\":2000,\"caption\":\"HDE,d\u00e9moussage,ramonage,r\u00e9novation toiture et fa\u00e7ade.\"},{\"@type\":\"BreadcrumbList\",\"@id\":\"https:\/\/hde-demoussage-ramonage.com\/index.php\/contact-hde-demoussage-ramonage-renovation-de-toiture-de-facade-sur-bain-de-bretagne\/#breadcrumb\",\"itemListElement\":[{\"@type\":\"ListItem\",\"position\":1,\"name\":\"Accueil\",\"item\":\"https:\/\/hde-demoussage-ramonage.com\/\"},{\"@type\":\"ListItem\",\"position\":2,\"name\":\"Contact\"}]},{\"@type\":\"WebSite\",\"@id\":\"https:\/\/hde-demoussage-ramonage.com\/#website\",\"url\":\"https:\/\/hde-demoussage-ramonage.com\/\",\"name\":\"https:\/\/hde-demoussage-ramonage.com\/\",\"description\":\"D\u00e9moussage, ramonage, r\u00e9novation de toiture, de fa\u00e7ade sur BAIN DE BRETAGNE, RENNES et ses environs, pour votre maison ou votre b\u00e2timent.\",\"publisher\":{\"@id\":\"https:\/\/hde-demoussage-ramonage.com\/#organization\"},\"alternateName\":\"HDE\",\"potentialAction\":[{\"@type\":\"SearchAction\",\"target\":{\"@type\":\"EntryPoint\",\"urlTemplate\":\"https:\/\/hde-demoussage-ramonage.com\/?s={search_term_string}\"},\"query-input\":{\"@type\":\"PropertyValueSpecification\",\"valueRequired\":true,\"valueName\":\"search_term_string\"}}],\"inLanguage\":\"fr-FR\"},{\"@type\":\"Organization\",\"@id\":\"https:\/\/hde-demoussage-ramonage.com\/#organization\",\"name\":\"hde-demoussage-ramonage.\",\"alternateName\":\"HDE\",\"url\":\"https:\/\/hde-demoussage-ramonage.com\/\",\"logo\":{\"@type\":\"ImageObject\",\"inLanguage\":\"fr-FR\",\"@id\":\"https:\/\/hde-demoussage-ramonage.com\/#\/schema\/logo\/image\/\",\"url\":\"https:\/\/hde-demoussage-ramonage.com\/wp-content\/uploads\/2024\/09\/cropped-cropped-Logo-HDE-Def-web.png\",\"contentUrl\":\"https:\/\/hde-demoussage-ramonage.com\/wp-content\/uploads\/2024\/09\/cropped-cropped-Logo-HDE-Def-web.png\",\"width\":500,\"height\":190,\"caption\":\"hde-demoussage-ramonage.\"},\"image\":{\"@id\":\"https:\/\/hde-demoussage-ramonage.com\/#\/schema\/logo\/image\/\"}}]}<\/script>\n<!-- \/ Yoast SEO plugin. -->","yoast_head_json":{"title":"Contact - HDE","description":"D\u00e9moussage, ramonage, r\u00e9novation de toiture, de fa\u00e7ade sur BAIN DE BRETAGNE, RENNES et ses environs, pour votre maison ou votre b\u00e2timent.","robots":{"index":"index","follow":"follow","max-snippet":"max-snippet:-1","max-image-preview":"max-image-preview:large","max-video-preview":"max-video-preview:-1"},"canonical":"https:\/\/hde-demoussage-ramonage.com\/index.php\/contact-hde-demoussage-ramonage-renovation-de-toiture-de-facade-sur-bain-de-bretagne\/","og_locale":"fr_FR","og_type":"article","og_title":"Contact - HDE","og_description":"D\u00e9moussage, ramonage, r\u00e9novation de toiture, de fa\u00e7ade sur BAIN DE BRETAGNE, RENNES et ses environs, pour votre maison ou votre b\u00e2timent.","og_url":"https:\/\/hde-demoussage-ramonage.com\/index.php\/contact-hde-demoussage-ramonage-renovation-de-toiture-de-facade-sur-bain-de-bretagne\/","og_site_name":"HDE","article_modified_time":"2024-10-08T13:40:12+00:00","og_image":[{"url":"https:\/\/hde-demoussage-ramonage.com\/wp-content\/uploads\/2024\/09\/Portrait--1024x1024.jpg","type":"","width":"","height":""}],"twitter_card":"summary_large_image","twitter_misc":{"Dur\u00e9e de lecture estim\u00e9e":"1 minute"},"schema":{"@context":"https:\/\/schema.org","@graph":[{"@type":"WebPage","@id":"https:\/\/hde-demoussage-ramonage.com\/index.php\/contact-hde-demoussage-ramonage-renovation-de-toiture-de-facade-sur-bain-de-bretagne\/","url":"https:\/\/hde-demoussage-ramonage.com\/index.php\/contact-hde-demoussage-ramonage-renovation-de-toiture-de-facade-sur-bain-de-bretagne\/","name":"Contact - HDE","isPartOf":{"@id":"https:\/\/hde-demoussage-ramonage.com\/#website"},"primaryImageOfPage":{"@id":"https:\/\/hde-demoussage-ramonage.com\/index.php\/contact-hde-demoussage-ramonage-renovation-de-toiture-de-facade-sur-bain-de-bretagne\/#primaryimage"},"image":{"@id":"https:\/\/hde-demoussage-ramonage.com\/index.php\/contact-hde-demoussage-ramonage-renovation-de-toiture-de-facade-sur-bain-de-bretagne\/#primaryimage"},"thumbnailUrl":"https:\/\/hde-demoussage-ramonage.com\/wp-content\/uploads\/2024\/09\/Portrait--1024x1024.jpg","datePublished":"2024-09-05T14:31:40+00:00","dateModified":"2024-10-08T13:40:12+00:00","description":"D\u00e9moussage, ramonage, r\u00e9novation de toiture, de fa\u00e7ade sur BAIN DE BRETAGNE, RENNES et ses environs, pour votre maison ou votre b\u00e2timent.","breadcrumb":{"@id":"https:\/\/hde-demoussage-ramonage.com\/index.php\/contact-hde-demoussage-ramonage-renovation-de-toiture-de-facade-sur-bain-de-bretagne\/#breadcrumb"},"inLanguage":"fr-FR","potentialAction":[{"@type":"ReadAction","target":["https:\/\/hde-demoussage-ramonage.com\/index.php\/contact-hde-demoussage-ramonage-renovation-de-toiture-de-facade-sur-bain-de-bretagne\/"]}]},{"@type":"ImageObject","inLanguage":"fr-FR","@id":"https:\/\/hde-demoussage-ramonage.com\/index.php\/contact-hde-demoussage-ramonage-renovation-de-toiture-de-facade-sur-bain-de-bretagne\/#primaryimage","url":"https:\/\/hde-demoussage-ramonage.com\/wp-content\/uploads\/2024\/09\/Portrait-.jpg","contentUrl":"https:\/\/hde-demoussage-ramonage.com\/wp-content\/uploads\/2024\/09\/Portrait-.jpg","width":2000,"height":2000,"caption":"HDE,d\u00e9moussage,ramonage,r\u00e9novation toiture et fa\u00e7ade."},{"@type":"BreadcrumbList","@id":"https:\/\/hde-demoussage-ramonage.com\/index.php\/contact-hde-demoussage-ramonage-renovation-de-toiture-de-facade-sur-bain-de-bretagne\/#breadcrumb","itemListElement":[{"@type":"ListItem","position":1,"name":"Accueil","item":"https:\/\/hde-demoussage-ramonage.com\/"},{"@type":"ListItem","position":2,"name":"Contact"}]},{"@type":"WebSite","@id":"https:\/\/hde-demoussage-ramonage.com\/#website","url":"https:\/\/hde-demoussage-ramonage.com\/","name":"https:\/\/hde-demoussage-ramonage.com\/","description":"D\u00e9moussage, ramonage, r\u00e9novation de toiture, de fa\u00e7ade sur BAIN DE BRETAGNE, RENNES et ses environs, pour votre maison ou votre b\u00e2timent.","publisher":{"@id":"https:\/\/hde-demoussage-ramonage.com\/#organization"},"alternateName":"HDE","potentialAction":[{"@type":"SearchAction","target":{"@type":"EntryPoint","urlTemplate":"https:\/\/hde-demoussage-ramonage.com\/?s={search_term_string}"},"query-input":{"@type":"PropertyValueSpecification","valueRequired":true,"valueName":"search_term_string"}}],"inLanguage":"fr-FR"},{"@type":"Organization","@id":"https:\/\/hde-demoussage-ramonage.com\/#organization","name":"hde-demoussage-ramonage.","alternateName":"HDE","url":"https:\/\/hde-demoussage-ramonage.com\/","logo":{"@type":"ImageObject","inLanguage":"fr-FR","@id":"https:\/\/hde-demoussage-ramonage.com\/#\/schema\/logo\/image\/","url":"https:\/\/hde-demoussage-ramonage.com\/wp-content\/uploads\/2024\/09\/cropped-cropped-Logo-HDE-Def-web.png","contentUrl":"https:\/\/hde-demoussage-ramonage.com\/wp-content\/uploads\/2024\/09\/cropped-cropped-Logo-HDE-Def-web.png","width":500,"height":190,"caption":"hde-demoussage-ramonage."},"image":{"@id":"https:\/\/hde-demoussage-ramonage.com\/#\/schema\/logo\/image\/"}}]}},"_links":{"self":[{"href":"https:\/\/hde-demoussage-ramonage.com\/index.php\/wp-json\/wp\/v2\/pages\/127","targetHints":{"allow":["GET"]}}],"collection":[{"href":"https:\/\/hde-demoussage-ramonage.com\/index.php\/wp-json\/wp\/v2\/pages"}],"about":[{"href":"https:\/\/hde-demoussage-ramonage.com\/index.php\/wp-json\/wp\/v2\/types\/page"}],"author":[{"embeddable":true,"href":"https:\/\/hde-demoussage-ramonage.com\/index.php\/wp-json\/wp\/v2\/users\/1"}],"replies":[{"embeddable":true,"href":"https:\/\/hde-demoussage-ramonage.com\/index.php\/wp-json\/wp\/v2\/comments?post=127"}],"version-history":[{"count":51,"href":"https:\/\/hde-demoussage-ramonage.com\/index.php\/wp-json\/wp\/v2\/pages\/127\/revisions"}],"predecessor-version":[{"id":953,"href":"https:\/\/hde-demoussage-ramonage.com\/index.php\/wp-json\/wp\/v2\/pages\/127\/revisions\/953"}],"wp:attachment":[{"href":"https:\/\/hde-demoussage-ramonage.com\/index.php\/wp-json\/wp\/v2\/media?parent=127"}],"curies":[{"name":"wp","href":"https:\/\/api.w.org\/{rel}","templated":true}]}}